{"id":9342,"date":"2023-09-22T14:24:34","date_gmt":"2023-09-22T17:24:34","guid":{"rendered":"https:\/\/blog.n5now.com\/n5-now-recibe-inversiones-de-bancos-internacionales\/"},"modified":"2023-09-22T14:26:03","modified_gmt":"2023-09-22T17:26:03","slug":"n5-now-recibe-inversiones-de-bancos-internacionales","status":"publish","type":"page","link":"https:\/\/blog.n5now.com\/pt-br\/n5-now-recibe-inversiones-de-bancos-internacionales\/","title":{"rendered":"N5 Now recibe inversiones de bancos internacionales"},"content":{"rendered":"\n<p><em>Despu\u00e9s de una ronda de inversi\u00f3n, la empresa anuncia a sus nuevos accionistas: Illuminate Financial, participando J.P. Morgan, Citi, Barclays, BNY Mellon y los fondos Exor Ventures, Madrone Capital, LTS Investments, Arpex Capital y Overboost<\/em><\/p>\n\n\n\n<p><strong>N5 Now recibe inversiones de los mayores bancos internacionales, apuntando a una expansi\u00f3n global.-<\/strong>&nbsp;N5 Now, una empresa de software para la industria financiera que registra tasas anuales de crecimiento del 200%, ha captado la atenci\u00f3n de grandes inversores en una reciente ronda de inversi\u00f3n. Con un inter\u00e9s de inversi\u00f3n ocho veces mayor de lo esperado, la compa\u00f1\u00eda ahora cuenta con nuevos aliados estrat\u00e9gicos para respaldar su desarrollo y atender la alta demanda en lugares donde a\u00fan no se tienen operaciones.<\/p>\n\n\n\n<p>Actualmente, N5 opera en 15 pa\u00edses y ya se est\u00e1 preparando para abrir oficinas en otras nueve geograf\u00edas, con la expectativa de finalizar el a\u00f1o 2023 con un crecimiento del 60% en su equipo.<\/p>\n\n\n\n<p>Los inversores que participaron en la ronda son:&nbsp;Illuminate Financial, una empresa de capital de riesgo que cuenta con Limited Partners (LP) de algunas de las instituciones financieras m\u00e1s grandes del mundo, como J.P. Morgan, Citi, Barclays, BNY Mellon, S&amp;P Global y Jefferies.<\/p>\n\n\n\n<p>Exor Ventures,&nbsp;la rama de inversiones de riesgo de Exor N.V., holding controlado por la familia Agnelli y accionista de Ferrari, Stellantis, CNHI y The Economist; Madrone Capital Partners, una empresa de capital privado asociada a la familia Walton, accionistas mayoritarios de Walmart.<\/p>\n\n\n\n<p>LTS Investments,&nbsp;la holding de inversiones de las familias Lemann, Telles y Sicupira;&nbsp;Arpex Capital, la holding de inversiones de los emprendedores Andr\u00e9 Street y Eduardo Pontes; y&nbsp;Overboost, una empresa de Venture Builder y gesti\u00f3n de fondos.<\/p>\n\n\n\n<p>Para Julian Colombo, CEO de&nbsp;<a href=\"https:\/\/n5now.com\/es\/\" target=\"_blank\" rel=\"noreferrer noopener\">N5 Now<\/a>, este movimiento fue impulsado por el deseo de contar con socios estrat\u00e9gicos de alto nivel que aporten la experiencia de mercado que estas empresas poseen.<\/p>\n\n\n\n<p>\u00abExperimentamos un crecimiento exponencial de la demanda, superando nuestras previsiones m\u00e1s optimistas. En lugares donde a\u00fan no operamos, la lista de interesados ha crecido significativamente, con clientes que solicitan nuestra plataforma con anticipaci\u00f3n. Por lo tanto, hemos entendido que era el momento de incorporar grandes socios con la experiencia que nos permitir\u00e1 atender a estos clientes m\u00e1s r\u00e1pidamente y seguir nuestro crecimiento a nivel global\u00bb, afirma.<\/p>\n\n\n\n<p>Fundada en 2017 por ejecutivos que provienen principalmente del sector bancario, con el objetivo de transformar la industria, la empresa ha estado ayudando a las instituciones financieras a ofrecer mayor eficiencia a sus clientes y prepararse para las nuevas demandas del sector. En su cartera de clientes de la plataforma y servicios se encuentran empresas como Mastercard, Santander, Credicorp Bank, Zurich, Sudameris, Banco Atlas, N26 y BCP.<\/p>\n\n\n\n<p>\u00abLa gesti\u00f3n del complejo proceso de ventas de productos financieros regulados es un gran desaf\u00edo en la industria\u00bb, afirma Mark Beeston, Fundador de Illuminate Financial.\u201d<\/p>\n\n\n\n<p>\u00abLa mayor\u00eda de las soluciones existentes son costosas, ineficientes y desarrolladas internamente, conectando CRM\/BPM adaptados que no capturan completamente el recorrido del cliente. La suite de soluciones N5 est\u00e1 hecha a medida para la industria de servicios financieros y aborda este vac\u00edo de frente. Estamos encantados de dar la bienvenida a N5 a la cartera de Illuminate Financial y apoyar a este impresionante equipo en la pr\u00f3xima fase de su trayectoria\u00bb, menciona Beeston.<\/p>\n\n\n\n<p>Entre los productos y servicios ofrecidos, la plataforma&nbsp;N5 Now&nbsp;es el producto estrella. Con una implementaci\u00f3n r\u00e1pida lo que resulta en un aumento de la productividad comercial en un 53%, mejorando el NPS en m\u00e1s de 21 puntos y reduciendo los costos de distribuci\u00f3n en un 16%, permite obtener resultados tangibles en 100 d\u00edas.<\/p>\n\n\n\n<p>La suite es una plataforma sistem\u00e1tica con integraci\u00f3n nativa de todos los softwares necesarios para una instituci\u00f3n financiera, como CRMs, BPMs, incentivos y omnicanal, lo que permite derribar la barrera natural que impide que un banco innove, ya que libera a estas instituciones de la complejidad de sus sistemas heredados.<\/p>\n","protected":false},"excerpt":{"rendered":"<p>Despu\u00e9s de una ronda de inversi\u00f3n, la empresa anuncia a sus nuevos accionistas: Illuminate Financial, participando J.P. Morgan, Citi, Barclays, BNY Mellon y los fondos Exor Ventures, Madrone Capital, LTS Investments, Arpex Capital y Overboost N5 Now recibe inversiones de los mayores bancos internacionales, apuntando a una expansi\u00f3n global.-&nbsp;N5 Now, una empresa de software para [&hellip;]<\/p>\n","protected":false},"author":2,"featured_media":9339,"parent":0,"menu_order":0,"comment_status":"closed","ping_status":"closed","template":"","meta":{"_seopress_robots_primary_cat":"","_seopress_titles_title":"","_seopress_titles_desc":"","_seopress_robots_index":"","footnotes":""},"_links":{"self":[{"href":"https:\/\/blog.n5now.com\/pt-br\/wp-json\/wp\/v2\/pages\/9342"}],"collection":[{"href":"https:\/\/blog.n5now.com\/pt-br\/wp-json\/wp\/v2\/pages"}],"about":[{"href":"https:\/\/blog.n5now.com\/pt-br\/wp-json\/wp\/v2\/types\/page"}],"author":[{"embeddable":true,"href":"https:\/\/blog.n5now.com\/pt-br\/wp-json\/wp\/v2\/users\/2"}],"replies":[{"embeddable":true,"href":"https:\/\/blog.n5now.com\/pt-br\/wp-json\/wp\/v2\/comments?post=9342"}],"version-history":[{"count":1,"href":"https:\/\/blog.n5now.com\/pt-br\/wp-json\/wp\/v2\/pages\/9342\/revisions"}],"predecessor-version":[{"id":9344,"href":"https:\/\/blog.n5now.com\/pt-br\/wp-json\/wp\/v2\/pages\/9342\/revisions\/9344"}],"wp:featuredmedia":[{"embeddable":true,"href":"https:\/\/blog.n5now.com\/pt-br\/wp-json\/wp\/v2\/media\/9339"}],"wp:attachment":[{"href":"https:\/\/blog.n5now.com\/pt-br\/wp-json\/wp\/v2\/media?parent=9342"}],"curies":[{"name":"wp","href":"https:\/\/api.w.org\/{rel}","templated":true}]}}