{"id":4747,"date":"2022-03-11T15:45:20","date_gmt":"2022-03-11T18:45:20","guid":{"rendered":"https:\/\/blog.n5now.com\/privacy-policy\/"},"modified":"2022-03-11T16:47:23","modified_gmt":"2022-03-11T19:47:23","slug":"privacy-policy","status":"publish","type":"page","link":"https:\/\/blog.n5now.com\/pt-br\/privacy-policy\/","title":{"rendered":"Pol\u00edticas de privacidad"},"content":{"rendered":"<div id=\"tdi_1\" class=\"tdc-zone\"><div class=\"tdc_zone tdi_2  wpb_row td-pb-row\"  >\n<style scoped>\n\/* custom css - generated by TagDiv Composer *\/\n\n\/* custom css - generated by TagDiv Composer *\/\n.tdi_2{\r\n                    min-height: 0;\r\n                }\n<\/style><div id=\"tdi_3\" class=\"tdc-row\"><div class=\"vc_row tdi_4  wpb_row td-pb-row\" >\n<style scoped>\n\/* custom css - generated by TagDiv Composer *\/\n\n\/* custom css - generated by TagDiv Composer *\/\n.tdi_4,\r\n                .tdi_4 .tdc-columns{\r\n                    min-height: 0;\r\n                }.tdi_4,\r\n\t\t\t\t.tdi_4 .tdc-columns{\r\n\t\t\t\t    display: block;\r\n\t\t\t\t}.tdi_4 .tdc-columns{\r\n\t\t\t\t    width: 100%;\r\n\t\t\t\t}.tdi_4:before,\r\n\t\t\t\t.tdi_4:after{\r\n\t\t\t\t    display: table;\r\n\t\t\t\t}\n<\/style><div class=\"vc_column tdi_6  wpb_column vc_column_container tdc-column td-pb-span12\">\n<style scoped>\n\/* custom css - generated by TagDiv Composer *\/\n\n\/* custom css - generated by TagDiv Composer *\/\n.tdi_6{\r\n                    vertical-align: baseline;\r\n                }.tdi_6 > .wpb_wrapper,\r\n\t\t\t\t.tdi_6 > .wpb_wrapper > .tdc-elements{\r\n\t\t\t\t    display: block;\r\n\t\t\t\t}.tdi_6 > .wpb_wrapper > .tdc-elements{\r\n\t\t\t\t    width: 100%;\r\n\t\t\t\t}.tdi_6 > .wpb_wrapper > .vc_row_inner{\r\n\t\t\t\t    width: auto;\r\n\t\t\t\t}.tdi_6 > .wpb_wrapper{\r\n\t\t\t\t    width: auto;\r\n\t\t\t\t    height: auto;\r\n\t\t\t\t}\n<\/style><div class=\"wpb_wrapper\" ><div class=\"td_block_wrap tdb_title tdi_7 tdb-page-title td-pb-border-top td_block_template_1\"  data-td-block-uid=\"tdi_7\" >\n<style>\n\/* custom css - generated by TagDiv Composer *\/\n.tdb_title{\r\n                  margin-bottom: 19px;\r\n                }.tdb_title.tdb-content-horiz-center{\r\n                  text-align: center;\r\n                }.tdb_title.tdb-content-horiz-center .tdb-title-line{\r\n                  margin: 0 auto;\r\n                }.tdb_title.tdb-content-horiz-right{\r\n                  text-align: right;\r\n                }.tdb_title.tdb-content-horiz-right .tdb-title-line{\r\n                  margin-left: auto;\r\n                  margin-right: 0;\r\n                }.tdb-title-text{\r\n                  display: inline-block;\r\n                  position: relative;\r\n                  margin: 0;\r\n                  word-wrap: break-word;\r\n                  font-size: 30px;\r\n                  line-height: 38px;\r\n                  font-weight: 700;\r\n                }.tdb-first-letter{\r\n                  position: absolute;\r\n                  -webkit-user-select: none;\r\n                  user-select: none;\r\n                  pointer-events: none;\r\n                  text-transform: uppercase;\r\n                  color: rgba(0, 0, 0, 0.08);\r\n                  font-size: 6em;\r\n                  font-weight: 300;\r\n                  top: 50%;\r\n                  -webkit-transform: translateY(-50%);\r\n                  transform: translateY(-50%);\r\n                  left: -0.36em;\r\n                  z-index: -1;\r\n                  -webkit-text-fill-color: initial;\r\n                }.tdb-title-line{\r\n                  display: none;\r\n                  position: relative;\r\n                }.tdb-title-line:after{\r\n                  content: '';\r\n                  width: 100%;\r\n                  position: absolute;\r\n                  background-color: var(--td_theme_color, #4db2ec);\r\n                  top: 0;\r\n                  left: 0;\r\n                  margin: auto;\r\n                }.tdi_7 .tdb-title-line:after{\r\n\t\t\t\t\theight: 2px;\r\n\t\t\t\t\r\n\t\t\t\t\tbottom: 40%;\r\n\t\t\t\t}.tdi_7 .tdb-title-line{\r\n\t\t\t\t\theight: 50px;\r\n\t\t\t\t\r\n\t\t\t\t\tmargin-left: auto;\r\n\t\t\t\t\tmargin-right: auto;\r\n\t\t\t\t}.td-theme-wrap .tdi_7{\r\n\t\t\t\t\ttext-align: center;\r\n\t\t\t\t}.tdi_7 .tdb-first-letter{\r\n\t\t\t\t\tleft: 0;\r\n\t\t\t\t\tright: 0;\r\n\t\t\t\t}\n<\/style><div class=\"tdb-block-inner td-fix-index\"><h1 class=\"tdb-title-text\">Sample Page Title<\/h1><div><\/div><div class=\"tdb-title-line\"><\/div><\/div><\/div><div class=\"wpb_wrapper wpb_text_column td_block_wrap td_block_wrap vc_column_text tdi_8  tagdiv-type td-pb-border-top td_block_template_1\"  data-td-block-uid=\"tdi_8\" >\n<style>\n\/* custom css - generated by TagDiv Composer *\/\n.vc_column_text > .td-element-style{\r\n\t\t\t\t\tz-index: -1;\r\n\t\t\t\t}\n<\/style><div class=\"td-block-title-wrap\"><h4 class=\"block-title td-block-title\"><span class=\"td-pulldown-size\">INFORMAC\u00c3O<\/span><\/h4><\/div><div class=\"td-fix-index\"><p>A informa\u00e7\u00e3o disponibilizada neste site sobre estat\u00edsticas e percentagens de desempenho, custos e outras informa\u00e7\u00f5es relacionadas com o servi\u00e7o prestado pela N5 tem por base estat\u00edsticas pr\u00f3prias e melhorias obtidas na execu\u00e7\u00e3o dos seus servi\u00e7os.<\/p>\n<\/div><\/div><div class=\"td_block_wrap td_block_text_with_title tdi_9 tagdiv-type td-pb-border-top td_block_template_1\"  data-td-block-uid=\"tdi_9\" >\n<style>\n\/* custom css - generated by TagDiv Composer *\/\n.td_block_text_with_title{\r\n                  margin-bottom: 44px;\r\n                  -webkit-transform: translateZ(0);\r\n                  transform: translateZ(0);\r\n                }.td_block_text_with_title p:last-child{\r\n                  margin-bottom: 0;\r\n                }\n<\/style><div class=\"td-block-title-wrap\"><h4 class=\"block-title td-block-title\"><span class=\"td-pulldown-size\">POL\u00cdTICA DE PRIVACIDADE<\/span><\/h4><\/div><div class=\"td_mod_wrap td-fix-index\"><p class=\"fs18\">N5, LLC (&#8216;N5&#8217;), com sede em Corporation Trust Center 1209 Orange Street, Wilmington, Delaware 19801, EUA, informa que os dados pessoais fornecidos por meio do site, bem como aqueles que voc\u00ea pode fornecer no futuro, como parte de sua rela\u00e7\u00e3o legal com esta entidade, s\u00e3o mantidos e armazenados de forma segura em nossos servidores e est\u00e3o sujeitos \u00e0s nossas pol\u00edticas de privacidade. Tamb\u00e9m detalhamos as op\u00e7\u00f5es dispon\u00edveis para voc\u00ea em rela\u00e7\u00e3o a tais dados e como voc\u00ea pode nos contatar.<\/p>\n<p class=\"fs18\">Enquanto respons\u00e1vel pelas bases de dados, N5 garante que os processos internos das bases de dados cumprem as obriga\u00e7\u00f5es legais de seguran\u00e7a e confidencialidade impostas pelos regulamentos de protec\u00e7\u00e3o de dados pessoais aplic\u00e1veis, e que o acesso, actualiza\u00e7\u00e3o, elimina\u00e7\u00e3o ou rectifica\u00e7\u00e3o dos dados pelo seu dono \u00e9 garantido.<\/p>\n<p class=\"fs18\">Acreditamos que a confidencialidade dos seus dados pessoais \u00e9 essencial. Esta pol\u00edtica tem como objetivo explicar como e para que fins usamos as informa\u00e7\u00f5es coletadas atrav\u00e9s do uso dos servi\u00e7os deste site. Leia atentamente este documento de pol\u00edtica de privacidade . Ao utilizar o nosso website, concorda em obedecer aos termos desta pol\u00edtica de privacidade relativamente \u00e0s informa\u00e7\u00f5es recolhidas e fornecidas por si. Se tiver alguma d\u00favida ou quest\u00e3o relativamente a esta pol\u00edtica, n\u00e3o hesite em nos contactar enviando um e- mail para contact@n5now.com.<\/p>\n<\/div><\/div><div class=\"td_block_wrap td_block_text_with_title tdi_10 tagdiv-type td-pb-border-top td_block_template_1\"  data-td-block-uid=\"tdi_10\" ><div class=\"td-block-title-wrap\"><h4 class=\"block-title td-block-title\"><span class=\"td-pulldown-size\">INFORMA\u00c7\u00d5ES SOLICITADAS<\/span><\/h4><\/div><div class=\"td_mod_wrap td-fix-index\"><p class=\"fs18\">Para lhe fornecer as funcionalidades do nosso website, pedimos-lhe que nos forne\u00e7a algumas informa\u00e7\u00f5es pessoais, por exemplo, quando utiliza as funcionalidades do website, indica o seu desejo de receber comunica\u00e7\u00f5es, participar nos nossos eventos, ou interagir com nosso site.<\/p>\n<p class=\"fs18\">N5 pode coletar informa\u00e7\u00f5es de diferentes maneiras. Tenha cuidado ao nos enviar suas informa\u00e7\u00f5es, especialmente ao preencher campos de texto livre ou enviar documentos e outros materiais.<\/p>\n<p class=\"fs18\">Certas fun\u00e7\u00f5es s\u00e3o automatizadas e podemos n\u00e3o ser capazes de reconhecer o envio acidental de informa\u00e7\u00f5es incorretas ou confidenciais.<\/p>\n<p class=\"fs18\">Os dados fornecidos por voc\u00ea no site ser\u00e3o inclu\u00eddos em um banco de dados denominado N5 usu\u00e1rios, e ser\u00e3o processados \u200b\u200bcom a finalidade de gerenciar as atividades do N5, contatos e outros gerenciamentos relacionados ao usu\u00e1rio. O usu\u00e1rio tamb\u00e9m d\u00e1 a sua consentimento expresso para que as informa\u00e7\u00f5es de contato fornecidas (e-mail, nome e telefone) sejam inclu\u00eddas nos materiais de marketing.<\/p>\n<p class=\"fs18\">Em rela\u00e7\u00e3o a qualquer informa\u00e7\u00e3o, imagem, fotografia, link, link, v\u00eddeo, gr\u00e1fico e \/ ou qualquer outro elemento que o usu\u00e1rio publique no site, o usu\u00e1rio declara e garante a N5 em todos os momentos que (i) ele t\u00eam todos os direitos de propriedade intelectual e \/ ou industrial ou as autoriza\u00e7\u00f5es correspondentes dos leg\u00edtimos propriet\u00e1rios; (ii) n\u00e3o infringem os direitos de terceiros de qualquer esp\u00e9cie ou natureza nem violam ou infringem qualquer norma ou disposi\u00e7\u00e3o legal; e (iii) fazem n\u00e3o conter difama\u00e7\u00e3o, cal\u00fania, ofensa, pornografia ou conte\u00fado que viole o decoro, moralidade e dec\u00eancia. Os usu\u00e1rios indenizar\u00e3o e isentar\u00e3o o N5 de todos os danos (incluindo, sem limita\u00e7\u00e3o, custos e despesas de defesa) decorrentes de qualquer imprecis\u00e3o, erro ou deturpa\u00e7\u00e3o em qualquer uma das representa\u00e7\u00f5es e garantias anteriores.<\/p>\n<p class=\"fs18\">Os usu\u00e1rios garantem e s\u00e3o respons\u00e1veis, em qualquer caso, pela veracidade, exatid\u00e3o, validade e autenticidade das informa\u00e7\u00f5es pessoais fornecidas.<\/p>\n<\/div><\/div><div class=\"td_block_wrap td_block_text_with_title tdi_11 tagdiv-type td-pb-border-top td_block_template_1\"  data-td-block-uid=\"tdi_11\" ><div class=\"td-block-title-wrap\"><h4 class=\"block-title td-block-title\"><span class=\"td-pulldown-size\">DIREITOS DO USU\u00c1RIO<\/span><\/h4><\/div><div class=\"td_mod_wrap td-fix-index\"><p class=\"fs18\">Voc\u00ea tem o direito de retirar seu consentimento para o uso de seus dados pessoais, bem como o direito de acessar, retificar ou exclu\u00ed-lo se os dados que armazenamos estiverem incorretos ou ilegais por qualquer motivo. Voc\u00ea pode entrar em contato com este entidade, na qualidade de propriet\u00e1ria dos dados, para poder exercer os seus direitos de acesso, retifica\u00e7\u00e3o, elimina\u00e7\u00e3o e oposi\u00e7\u00e3o relativamente aos seus dados, gratuitamente, de acordo com a regulamenta\u00e7\u00e3o em vigor.<\/p>\n<p class=\"fs18\">Para modificar suas assinaturas ou parar de receber comunica\u00e7\u00f5es de N5, voc\u00ea deve entrar em contato conosco para exercer seus direitos de acesso, retifica\u00e7\u00e3o ou exclus\u00e3o, ou para se opor ao processamento de seus dados pessoais, escrevendo para N5 no endere\u00e7o indicado no in\u00edcio ou para o endere\u00e7o de e-mail contact@n5now.com.<\/p>\n<\/div><\/div><div class=\"td_block_wrap td_block_text_with_title tdi_12 tagdiv-type td-pb-border-top td_block_template_1\"  data-td-block-uid=\"tdi_12\" ><div class=\"td-block-title-wrap\"><h4 class=\"block-title td-block-title\"><span class=\"td-pulldown-size\">MEDIDAS DE SEGURAN\u00c7A<\/span><\/h4><\/div><div class=\"td_mod_wrap td-fix-index\"><p class=\"fs18\">N5 \u00e9 obrigada a cumprir todos os regulamentos aplic\u00e1veis \u200b\u200bem rela\u00e7\u00e3o \u00e0s medidas de seguran\u00e7a aplic\u00e1veis \u200b\u200b\u00e0s informa\u00e7\u00f5es e dados pessoais.<\/p>\n<p class=\"fs18\">N5 informa que adoptou as medidas t\u00e9cnicas e organizacionais de seguran\u00e7a necess\u00e1rias para garantir a seguran\u00e7a dos seus dados pessoais e evitar a sua altera\u00e7\u00e3o, perda e tratamento e \/ ou acesso n\u00e3o autorizado. N\u00e3o obstante o anterior, face aos dados armazenados e os riscos a que est\u00e3o expostos, o usu\u00e1rio deve estar ciente de que as medidas de seguran\u00e7a na Internet n\u00e3o s\u00e3o inexpugn\u00e1veis \u200b\u200bou totalmente confi\u00e1veis \u200b\u200be que a N5 n\u00e3o pode garantir a aus\u00eancia de v\u00edrus ou outros elementos que possam causar altera\u00e7\u00f5es nos sistemas inform\u00e1ticos do usu\u00e1rio (software e hardware ), nem \u00e9 respons\u00e1vel em tais casos.<\/p>\n<p class=\"fs18\">A N5 mant\u00e9m continuamente a supervis\u00e3o, controle e avalia\u00e7\u00e3o dos processos para garantir o respeito pela privacidade dos dados, por isso os devidos cuidados ser\u00e3o tomados para evitar a perda, mau uso ou altera\u00e7\u00e3o das informa\u00e7\u00f5es que voc\u00ea nos fornecer.<\/p>\n<\/div><\/div><div class=\"td_block_wrap td_block_text_with_title tdi_13 tagdiv-type td-pb-border-top td_block_template_1\"  data-td-block-uid=\"tdi_13\" ><div class=\"td-block-title-wrap\"><h4 class=\"block-title td-block-title\"><span class=\"td-pulldown-size\">TRANSFER\u00caNCIA DOS DADOS PESSOAIS DO USU\u00c1RIO POR N5<\/span><\/h4><\/div><div class=\"td_mod_wrap td-fix-index\"><p class=\"fs18\">N5 divulga seus dados pessoais para: a) suas empresas relacionadas para os fins acima definidos; b) prestadores de servi\u00e7os terceirizados que processam seus dados pessoais em nome da N5, por exemplo, para fins de gest\u00e3o e manuten\u00e7\u00e3o de nossos dados, distribui\u00e7\u00e3o de e-mail, pesquisa e an\u00e1lise, gest\u00e3o de marca e promo\u00e7\u00f5es de produtos, bem como administra\u00e7\u00e3o de certos servi\u00e7os e fun\u00e7\u00f5es; c) outros terceiros na medida necess\u00e1ria para: (i) cumprir os requisitos administrativos, ordens judiciais ou legisla\u00e7\u00e3o aplic\u00e1vel ; (ii) impedir o uso ilegal de nosso site e aplicativos ou viola\u00e7\u00f5es de nossos termos de uso e diretrizes; (iii) defender contra reclama\u00e7\u00f5es de terceiros; e (iv) ajudar na preven\u00e7\u00e3o ou investiga\u00e7\u00e3o de fraude (por exemplo, falsifica\u00e7\u00e3o); d) tamb\u00e9m podemos transferir seus dados pessoais no caso de vendermos ou transferirmos a totalidade ou parte de nossos neg\u00f3cios ou ativos (inclusive no caso de reorganiza\u00e7\u00e3o, cis\u00e3o, dissolu\u00e7\u00e3o ou liquida\u00e7\u00e3o).<\/p>\n<p class=\"fs18\">Voc\u00ea compreende e concorda que os terceiros mencionados acima podem estar domiciliados fora de seu pa\u00eds, incluindo, em alguns casos, pa\u00edses que n\u00e3o t\u00eam as mesmas garantias de prote\u00e7\u00e3o de dados que as oferecidas em seu pa\u00eds. Voc\u00ea expressamente autoriza a transfer\u00eancia internacional de seus dados pessoais, inclusive para esses pa\u00edses para os fins indicados acima.<\/p>\n<\/div><\/div><div class=\"td_block_wrap td_block_text_with_title tdi_14 tagdiv-type td-pb-border-top td_block_template_1\"  data-td-block-uid=\"tdi_14\" ><div class=\"td-block-title-wrap\"><h4 class=\"block-title td-block-title\"><span class=\"td-pulldown-size\">PRESERVANDO DADOS DO USU\u00c1RIO<\/span><\/h4><\/div><div class=\"td_mod_wrap td-fix-index\"><p class=\"fs18\">Manteremos os dados pessoais pelo tempo necess\u00e1rio para cumprir os fins para os quais os coletamos, salvo disposi\u00e7\u00e3o em contr\u00e1rio da lei aplic\u00e1vel.<\/p>\n<p class=\"fs18\">A N5 destruir\u00e1 periodicamente as informa\u00e7\u00f5es pessoais coletadas de nossos usu\u00e1rios em seu site, caso essas informa\u00e7\u00f5es n\u00e3o sejam mais necess\u00e1rias para qualquer finalidade para a qual possam ser usadas ou fornecidas de acordo com os termos desta pol\u00edtica de privacidade.<\/p>\n<\/div><\/div><div class=\"td_block_wrap td_block_text_with_title tdi_15 tagdiv-type td-pb-border-top td_block_template_1\"  data-td-block-uid=\"tdi_15\" ><div class=\"td-block-title-wrap\"><h4 class=\"block-title td-block-title\"><span class=\"td-pulldown-size\">USO DO SITE<\/span><\/h4><\/div><div class=\"td_mod_wrap td-fix-index\"><p>Para sua conveni\u00eancia e informa\u00e7\u00e3o, nosso site e aplicativos podem ter links para outros sites e aplicativos (de terceiros), com suas pr\u00f3prias pol\u00edticas de privacidade e termos, os quais recomendamos fortemente que voc\u00ea analise. N\u00e3o somos respons\u00e1veis \u200b\u200bpor seu conte\u00fado , seu uso ou suas pr\u00e1ticas de privacidade na medida em que esses sites ou aplicativos n\u00e3o sejam de nossa propriedade ou controlados por n\u00f3s.<\/p>\n<\/div><\/div><div class=\"td_block_wrap td_block_text_with_title tdi_16 tagdiv-type td-pb-border-top td_block_template_1\"  data-td-block-uid=\"tdi_16\" ><div class=\"td-block-title-wrap\"><h4 class=\"block-title td-block-title\"><span class=\"td-pulldown-size\">PROTE\u00c7\u00c3O DA SUA PR\u00d3PRIA PRIVACIDADE<\/span><\/h4><\/div><div class=\"td_mod_wrap td-fix-index\"><p>Lembre-se de que sempre que divulgar voluntariamente informa\u00e7\u00f5es pessoais online &#8211; por exemplo, em pain\u00e9is de mensagens, via e-mail ou em salas de chat &#8211; essas informa\u00e7\u00f5es podem ser coletadas e utilizadas por terceiros. Voc\u00ea \u00e9 o \u00fanico respons\u00e1vel por manter a confidencialidade de suas senhas e \/ ou quaisquer informa\u00e7\u00f5es de conta pessoal.<\/p>\n<\/div><\/div><div class=\"td_block_wrap td_block_text_with_title tdi_17 tagdiv-type td-pb-border-top td_block_template_1\"  data-td-block-uid=\"tdi_17\" ><div class=\"td-block-title-wrap\"><h4 class=\"block-title td-block-title\"><span class=\"td-pulldown-size\">MENOS IDADE<\/span><\/h4><\/div><div class=\"td_mod_wrap td-fix-index\"><p>Consideramos que a protec\u00e7\u00e3o dos dados pessoais \u00e9 imprescind\u00edvel, pelo que, caso o utilizador seja menor de idade, s\u00f3 poder\u00e1 disponibilizar os seus dados pessoais nos respectivos formul\u00e1rios, com o consentimento pr\u00e9vio dos pais ou respons\u00e1veis, atrav\u00e9s do envio de formul\u00e1rio correspondente devidamente assinado pelos pais ou respons\u00e1veis \u200b\u200bpor carta registrada e c\u00f3pia do documento de identidade dos pais ou respons\u00e1veis \u200b\u200bsignat\u00e1rios para o e-mail: contact@n5now.com.<\/p>\n<\/div><\/div><div class=\"td_block_wrap td_block_text_with_title tdi_18 tagdiv-type td-pb-border-top td_block_template_1\"  data-td-block-uid=\"tdi_18\" ><div class=\"td-block-title-wrap\"><h4 class=\"block-title td-block-title\"><span class=\"td-pulldown-size\">ALTERA\u00c7\u00c3O DA POL\u00cdTICA DE PRIVACIDADE<\/span><\/h4><\/div><div class=\"td_mod_wrap td-fix-index\"><p>Como a lei aplic\u00e1vel e nossas pr\u00e1ticas est\u00e3o em constante mudan\u00e7a, a N5 se reserva o direito de modificar sua pol\u00edtica de privacidade. Quaisquer mudan\u00e7as na pol\u00edtica de privacidade ser\u00e3o publicadas antes de sua implementa\u00e7\u00e3o efetiva. O uso de nosso site ap\u00f3s tais mudan\u00e7as significar\u00e1 sua aceita\u00e7\u00e3o dessas altera\u00e7\u00f5es. Recomendamos que voc\u00ea leia nossa pol\u00edtica e verifique periodicamente se as altera\u00e7\u00f5es foram feitas.<\/p>\n<\/div><\/div><div class=\"td_block_wrap td_block_text_with_title tdi_19 tagdiv-type td-pb-border-top td_block_template_1\"  data-td-block-uid=\"tdi_19\" ><div class=\"td-block-title-wrap\"><h4 class=\"block-title td-block-title\"><span class=\"td-pulldown-size\">LEI APLIC\u00c1VEL<\/span><\/h4><\/div><div class=\"td_mod_wrap td-fix-index\"><p>Esta pol\u00edtica tem o objetivo de ser consistente com as leis e regulamentos de privacidade aplic\u00e1veis \u200b\u200bem cada pa\u00eds em que o N5 conduz neg\u00f3cios e dos quais s\u00e3o coletadas informa\u00e7\u00f5es de identifica\u00e7\u00e3o pessoal. Na medida em que as leis de qualquer pa\u00eds pro\u00edbem o uso do N5 e compartilhar informa\u00e7\u00f5es pessoais da maneira descrita nesta pol\u00edtica, esta pol\u00edtica e as pr\u00e1ticas da N5 ser\u00e3o consideradas como tendo sido modificadas para estar em conformidade com tais leis locais.<\/p>\n<\/div><\/div><div class=\"td_block_wrap td_block_text_with_title tdi_20 tagdiv-type td-pb-border-top td_block_template_1\"  data-td-block-uid=\"tdi_20\" ><div class=\"td-block-title-wrap\"><h4 class=\"block-title td-block-title\"><span class=\"td-pulldown-size\">PERGUNTAS, D\u00daVIDAS OU INQU\u00c9RITOS<\/span><\/h4><\/div><div class=\"td_mod_wrap td-fix-index\"><p>Se desejar entrar em contato conosco para poss\u00edveis sugest\u00f5es ou coment\u00e1rios sobre nossa pol\u00edtica de privacidade ou seus dados pessoais, ou em caso de perguntas ou d\u00favidas sobre nossa pol\u00edtica de privacidade e nossas pr\u00e1ticas de privacidade, voc\u00ea pode nos enviar um e-mail para contact@n5now.com.<\/p>\n<\/div><\/div><\/div><\/div><\/div><\/div><\/div><\/div>","protected":false},"excerpt":{"rendered":"","protected":false},"author":2,"featured_media":0,"parent":0,"menu_order":0,"comment_status":"closed","ping_status":"closed","template":"","meta":{"_seopress_robots_primary_cat":"","_seopress_titles_title":"","_seopress_titles_desc":"","_seopress_robots_index":"","footnotes":""},"_links":{"self":[{"href":"https:\/\/blog.n5now.com\/pt-br\/wp-json\/wp\/v2\/pages\/4747"}],"collection":[{"href":"https:\/\/blog.n5now.com\/pt-br\/wp-json\/wp\/v2\/pages"}],"about":[{"href":"https:\/\/blog.n5now.com\/pt-br\/wp-json\/wp\/v2\/types\/page"}],"author":[{"embeddable":true,"href":"https:\/\/blog.n5now.com\/pt-br\/wp-json\/wp\/v2\/users\/2"}],"replies":[{"embeddable":true,"href":"https:\/\/blog.n5now.com\/pt-br\/wp-json\/wp\/v2\/comments?post=4747"}],"version-history":[{"count":3,"href":"https:\/\/blog.n5now.com\/pt-br\/wp-json\/wp\/v2\/pages\/4747\/revisions"}],"predecessor-version":[{"id":4860,"href":"https:\/\/blog.n5now.com\/pt-br\/wp-json\/wp\/v2\/pages\/4747\/revisions\/4860"}],"wp:attachment":[{"href":"https:\/\/blog.n5now.com\/pt-br\/wp-json\/wp\/v2\/media?parent=4747"}],"curies":[{"name":"wp","href":"https:\/\/api.w.org\/{rel}","templated":true}]}}